{"id":2,"date":"2016-11-04T14:10:46","date_gmt":"2016-11-04T13:10:46","guid":{"rendered":"http:\/\/stadt-land-klick.de\/?page_id=2"},"modified":"2026-03-09T11:07:38","modified_gmt":"2026-03-09T10:07:38","slug":"stadt-land-klick-2","status":"publish","type":"page","link":"https:\/\/stadt-land-klick.de\/","title":{"rendered":"Willkommen auf\u00a0stadt-land-klick.de"},"content":{"rendered":"<h4><strong>Ihre Plattform f\u00fcr regionale Brosch\u00fcren!<\/strong><\/h4>\n<p>Entdecken Sie eine Vielzahl an n\u00fctzlichen und informativen Brosch\u00fcren zu verschiedenen Themen direkt f\u00fcr Ihre Region! Bei <a href=\"http:\/\/stadt-land-klick.de\/\" target=\"_blank\" rel=\"noopener\">stadt-land-kick.de<\/a> finden Sie ma\u00dfgeschneiderte Inhalte, die speziell auf Ihre Bed\u00fcrfnisse und Ihre Postleitzahl abgestimmt sind.<\/p>\n<p>Einfach Ort oder PLZ eingeben und schon erhalten Sie Zugriff auf eine breite Auswahl an Brosch\u00fcren der anCos Verlag GmbH (<a href=\"https:\/\/ancos-verlag.de\/\" target=\"_blank\" rel=\"noopener\">ancos-verlag.de<\/a>) zu Themen wie Gesundheit, Bildung, Umwelt, und vieles mehr.<\/p>\n<p>Ob Ausbildungsmagazin, Bu\u0308rgerinfobroschu\u0308re, Seniorenwegweiser oder Bau- und Sanierungswegweiser \u2013 die Brosch\u00fcren bieten Ihnen praxisnahe L\u00f6sungen und interessante Insights.<\/p>\n<p>Nutzen Sie unser einfaches System, um gezielt die Inhalte zu finden, die f\u00fcr Sie wichtig sind. <a href=\"http:\/\/stadt-land-klick.de\/\" target=\"_blank\" rel=\"noopener\">Stadt-land-klick.de<\/a> macht es Ihnen leicht, sich \u00fcber lokale und \u00fcberregionale Themen zu informieren und dabei stets auf dem neuesten Stand zu bleiben.<\/p>\n","protected":false},"excerpt":{"rendered":"<p>Ihre Plattform f\u00fcr regionale Brosch\u00fcren! Entdecken Sie eine Vielzahl an n\u00fctzlichen und informativen Brosch\u00fcren zu verschiedenen Themen direkt f\u00fcr Ihre Region! Bei stadt-land-kick.de finden Sie ma\u00dfgeschneiderte Inhalte, die speziell auf Ihre Bed\u00fcrfnisse und Ihre Postleitzahl abgestimmt sind. Einfach Ort oder PLZ eingeben und schon erhalten Sie Zugriff auf eine breite Auswahl an Brosch\u00fcren der anCos [&hellip;]<\/p>\n","protected":false},"author":1,"featured_media":0,"parent":0,"menu_order":0,"comment_status":"closed","ping_status":"open","template":"","meta":[],"yoast_head":"<!-- This site is optimized with the Yoast SEO plugin v20.8 - https:\/\/yoast.com\/wordpress\/plugins\/seo\/ -->\n<title>Ihre Plattform f\u00fcr kommunale Brosch\u00fcren! - Stadt-Land-Klick<\/title>\n<meta name=\"description\" content=\"Entdecken Sie eine Vielzahl an n\u00fctzlichen und informativen Brosch\u00fcren zu verschiedenen Themen direkt f\u00fcr Ihre Region! Bei stadt-land-kick.de finden Sie ma\u00dfgeschneiderte Inhalte, die speziell auf Ihre Bed\u00fcrfnisse und Ihre Postleitzahl abgestimmt sind. Ob Ausbildungsmagazin, Bu\u0308rgerinfobroschu\u0308re, Seniorenwegweiser oder Bau- und Sanierungswegweiser \u2013 die Brosch\u00fcren bieten Ihnen praxisnahe L\u00f6sungen und interessante Insights.\" \/>\n<meta name=\"robots\" content=\"index, follow, max-snippet:-1, max-image-preview:large, max-video-preview:-1\" \/>\n<link rel=\"canonical\" href=\"https:\/\/stadt-land-klick.de\/\" \/>\n<meta property=\"og:locale\" content=\"de_DE\" \/>\n<meta property=\"og:type\" content=\"article\" \/>\n<meta property=\"og:title\" content=\"Ihre Plattform f\u00fcr kommunale Brosch\u00fcren! - Stadt-Land-Klick\" \/>\n<meta property=\"og:description\" content=\"Entdecken Sie eine Vielzahl an n\u00fctzlichen und informativen Brosch\u00fcren zu verschiedenen Themen direkt f\u00fcr Ihre Region! Bei stadt-land-kick.de finden Sie ma\u00dfgeschneiderte Inhalte, die speziell auf Ihre Bed\u00fcrfnisse und Ihre Postleitzahl abgestimmt sind. Ob Ausbildungsmagazin, Bu\u0308rgerinfobroschu\u0308re, Seniorenwegweiser oder Bau- und Sanierungswegweiser \u2013 die Brosch\u00fcren bieten Ihnen praxisnahe L\u00f6sungen und interessante Insights.\" \/>\n<meta property=\"og:url\" content=\"https:\/\/stadt-land-klick.de\/\" \/>\n<meta property=\"og:site_name\" content=\"Stadt-Land-Klick\" \/>\n<meta property=\"article:modified_time\" content=\"2026-03-09T10:07:38+00:00\" \/>\n<meta name=\"twitter:card\" content=\"summary_large_image\" \/>\n<meta name=\"twitter:label1\" content=\"Gesch\u00e4tzte Lesezeit\" \/>\n\t<meta name=\"twitter:data1\" content=\"1\u00a0Minute\" \/>\n<script type=\"application\/ld+json\" class=\"yoast-schema-graph\">{\"@context\":\"https:\/\/schema.org\",\"@graph\":[{\"@type\":\"WebPage\",\"@id\":\"https:\/\/stadt-land-klick.de\/\",\"url\":\"https:\/\/stadt-land-klick.de\/\",\"name\":\"Ihre Plattform f\u00fcr kommunale Brosch\u00fcren! - Stadt-Land-Klick\",\"isPartOf\":{\"@id\":\"https:\/\/stadt-land-klick.de\/#website\"},\"datePublished\":\"2016-11-04T13:10:46+00:00\",\"dateModified\":\"2026-03-09T10:07:38+00:00\",\"description\":\"Entdecken Sie eine Vielzahl an n\u00fctzlichen und informativen Brosch\u00fcren zu verschiedenen Themen direkt f\u00fcr Ihre Region! Bei stadt-land-kick.de finden Sie ma\u00dfgeschneiderte Inhalte, die speziell auf Ihre Bed\u00fcrfnisse und Ihre Postleitzahl abgestimmt sind. Ob Ausbildungsmagazin, Bu\u0308rgerinfobroschu\u0308re, Seniorenwegweiser oder Bau- und Sanierungswegweiser \u2013 die Brosch\u00fcren bieten Ihnen praxisnahe L\u00f6sungen und interessante Insights.\",\"breadcrumb\":{\"@id\":\"https:\/\/stadt-land-klick.de\/#breadcrumb\"},\"inLanguage\":\"de\",\"potentialAction\":[{\"@type\":\"ReadAction\",\"target\":[\"https:\/\/stadt-land-klick.de\/\"]}]},{\"@type\":\"BreadcrumbList\",\"@id\":\"https:\/\/stadt-land-klick.de\/#breadcrumb\",\"itemListElement\":[{\"@type\":\"ListItem\",\"position\":1,\"name\":\"Startseite\",\"item\":\"https:\/\/stadt-land-klick.de\/\"},{\"@type\":\"ListItem\",\"position\":2,\"name\":\"Willkommen auf\u00a0stadt-land-klick.de\"}]},{\"@type\":\"WebSite\",\"@id\":\"https:\/\/stadt-land-klick.de\/#website\",\"url\":\"https:\/\/stadt-land-klick.de\/\",\"name\":\"Stadt-Land-Klick\",\"description\":\"Ihre Plattform f\u00fcr kommunale Publikationen.\",\"publisher\":{\"@id\":\"https:\/\/stadt-land-klick.de\/#organization\"},\"potentialAction\":[{\"@type\":\"SearchAction\",\"target\":{\"@type\":\"EntryPoint\",\"urlTemplate\":\"https:\/\/stadt-land-klick.de\/?s={search_term_string}\"},\"query-input\":\"required name=search_term_string\"}],\"inLanguage\":\"de\"},{\"@type\":\"Organization\",\"@id\":\"https:\/\/stadt-land-klick.de\/#organization\",\"name\":\"Ancos Verlag GmbH\",\"url\":\"https:\/\/stadt-land-klick.de\/\",\"logo\":{\"@type\":\"ImageObject\",\"inLanguage\":\"de\",\"@id\":\"https:\/\/stadt-land-klick.de\/#\/schema\/logo\/image\/\",\"url\":\"https:\/\/stadt-land-klick.de\/wp-content\/uploads\/2017\/01\/logo.png\",\"contentUrl\":\"https:\/\/stadt-land-klick.de\/wp-content\/uploads\/2017\/01\/logo.png\",\"width\":640,\"height\":247,\"caption\":\"Ancos Verlag GmbH\"},\"image\":{\"@id\":\"https:\/\/stadt-land-klick.de\/#\/schema\/logo\/image\/\"}}]}<\/script>\n<!-- \/ Yoast SEO plugin. -->","yoast_head_json":{"title":"Ihre Plattform f\u00fcr kommunale Brosch\u00fcren! - Stadt-Land-Klick","description":"Entdecken Sie eine Vielzahl an n\u00fctzlichen und informativen Brosch\u00fcren zu verschiedenen Themen direkt f\u00fcr Ihre Region! Bei stadt-land-kick.de finden Sie ma\u00dfgeschneiderte Inhalte, die speziell auf Ihre Bed\u00fcrfnisse und Ihre Postleitzahl abgestimmt sind. Ob Ausbildungsmagazin, Bu\u0308rgerinfobroschu\u0308re, Seniorenwegweiser oder Bau- und Sanierungswegweiser \u2013 die Brosch\u00fcren bieten Ihnen praxisnahe L\u00f6sungen und interessante Insights.","robots":{"index":"index","follow":"follow","max-snippet":"max-snippet:-1","max-image-preview":"max-image-preview:large","max-video-preview":"max-video-preview:-1"},"canonical":"https:\/\/stadt-land-klick.de\/","og_locale":"de_DE","og_type":"article","og_title":"Ihre Plattform f\u00fcr kommunale Brosch\u00fcren! - Stadt-Land-Klick","og_description":"Entdecken Sie eine Vielzahl an n\u00fctzlichen und informativen Brosch\u00fcren zu verschiedenen Themen direkt f\u00fcr Ihre Region! Bei stadt-land-kick.de finden Sie ma\u00dfgeschneiderte Inhalte, die speziell auf Ihre Bed\u00fcrfnisse und Ihre Postleitzahl abgestimmt sind. Ob Ausbildungsmagazin, Bu\u0308rgerinfobroschu\u0308re, Seniorenwegweiser oder Bau- und Sanierungswegweiser \u2013 die Brosch\u00fcren bieten Ihnen praxisnahe L\u00f6sungen und interessante Insights.","og_url":"https:\/\/stadt-land-klick.de\/","og_site_name":"Stadt-Land-Klick","article_modified_time":"2026-03-09T10:07:38+00:00","twitter_card":"summary_large_image","twitter_misc":{"Gesch\u00e4tzte Lesezeit":"1\u00a0Minute"},"schema":{"@context":"https:\/\/schema.org","@graph":[{"@type":"WebPage","@id":"https:\/\/stadt-land-klick.de\/","url":"https:\/\/stadt-land-klick.de\/","name":"Ihre Plattform f\u00fcr kommunale Brosch\u00fcren! - Stadt-Land-Klick","isPartOf":{"@id":"https:\/\/stadt-land-klick.de\/#website"},"datePublished":"2016-11-04T13:10:46+00:00","dateModified":"2026-03-09T10:07:38+00:00","description":"Entdecken Sie eine Vielzahl an n\u00fctzlichen und informativen Brosch\u00fcren zu verschiedenen Themen direkt f\u00fcr Ihre Region! Bei stadt-land-kick.de finden Sie ma\u00dfgeschneiderte Inhalte, die speziell auf Ihre Bed\u00fcrfnisse und Ihre Postleitzahl abgestimmt sind. Ob Ausbildungsmagazin, Bu\u0308rgerinfobroschu\u0308re, Seniorenwegweiser oder Bau- und Sanierungswegweiser \u2013 die Brosch\u00fcren bieten Ihnen praxisnahe L\u00f6sungen und interessante Insights.","breadcrumb":{"@id":"https:\/\/stadt-land-klick.de\/#breadcrumb"},"inLanguage":"de","potentialAction":[{"@type":"ReadAction","target":["https:\/\/stadt-land-klick.de\/"]}]},{"@type":"BreadcrumbList","@id":"https:\/\/stadt-land-klick.de\/#breadcrumb","itemListElement":[{"@type":"ListItem","position":1,"name":"Startseite","item":"https:\/\/stadt-land-klick.de\/"},{"@type":"ListItem","position":2,"name":"Willkommen auf\u00a0stadt-land-klick.de"}]},{"@type":"WebSite","@id":"https:\/\/stadt-land-klick.de\/#website","url":"https:\/\/stadt-land-klick.de\/","name":"Stadt-Land-Klick","description":"Ihre Plattform f\u00fcr kommunale Publikationen.","publisher":{"@id":"https:\/\/stadt-land-klick.de\/#organization"},"potentialAction":[{"@type":"SearchAction","target":{"@type":"EntryPoint","urlTemplate":"https:\/\/stadt-land-klick.de\/?s={search_term_string}"},"query-input":"required name=search_term_string"}],"inLanguage":"de"},{"@type":"Organization","@id":"https:\/\/stadt-land-klick.de\/#organization","name":"Ancos Verlag GmbH","url":"https:\/\/stadt-land-klick.de\/","logo":{"@type":"ImageObject","inLanguage":"de","@id":"https:\/\/stadt-land-klick.de\/#\/schema\/logo\/image\/","url":"https:\/\/stadt-land-klick.de\/wp-content\/uploads\/2017\/01\/logo.png","contentUrl":"https:\/\/stadt-land-klick.de\/wp-content\/uploads\/2017\/01\/logo.png","width":640,"height":247,"caption":"Ancos Verlag GmbH"},"image":{"@id":"https:\/\/stadt-land-klick.de\/#\/schema\/logo\/image\/"}}]}},"_links":{"self":[{"href":"https:\/\/stadt-land-klick.de\/index.php?rest_route=\/wp\/v2\/pages\/2"}],"collection":[{"href":"https:\/\/stadt-land-klick.de\/index.php?rest_route=\/wp\/v2\/pages"}],"about":[{"href":"https:\/\/stadt-land-klick.de\/index.php?rest_route=\/wp\/v2\/types\/page"}],"author":[{"embeddable":true,"href":"https:\/\/stadt-land-klick.de\/index.php?rest_route=\/wp\/v2\/users\/1"}],"replies":[{"embeddable":true,"href":"https:\/\/stadt-land-klick.de\/index.php?rest_route=%2Fwp%2Fv2%2Fcomments&post=2"}],"version-history":[{"count":19,"href":"https:\/\/stadt-land-klick.de\/index.php?rest_route=\/wp\/v2\/pages\/2\/revisions"}],"predecessor-version":[{"id":1365,"href":"https:\/\/stadt-land-klick.de\/index.php?rest_route=\/wp\/v2\/pages\/2\/revisions\/1365"}],"wp:attachment":[{"href":"https:\/\/stadt-land-klick.de\/index.php?rest_route=%2Fwp%2Fv2%2Fmedia&parent=2"}],"curies":[{"name":"wp","href":"https:\/\/api.w.org\/{rel}","templated":true}]}}