{"id":15,"date":"2016-11-04T15:06:23","date_gmt":"2016-11-04T14:06:23","guid":{"rendered":"http:\/\/stadt-land-klick.de\/?page_id=15"},"modified":"2025-01-17T08:42:23","modified_gmt":"2025-01-17T07:42:23","slug":"impressum","status":"publish","type":"page","link":"https:\/\/stadt-land-klick.de\/?page_id=15","title":{"rendered":"Impressum"},"content":{"rendered":"<p class=\"Wp-Body-P\"><span class=\"Body-C-C2\">anCos<\/span><span class=\"Body-C-C3\"> Verlag GmbH<\/span><\/p>\n<p class=\"Wp-Body-P\"><span class=\"Body-C-C3\">Lange Stra\u00dfe 14<br \/>\n49565 Bramsche<\/span><\/p>\n<p class=\"Wp-Body-P\"><span class=\"Body-C-C3\">Fon: +49 (0) 54 61 . 8 82 66 &#8211;<wbr \/> 0<br \/>\nFax: +49 (0) 54 61 . 8 82 66 &#8211;<wbr \/> 11<\/span><\/p>\n<p class=\"Wp-Body-P\"><span class=\"Body-C-C3\">E-<wbr \/>Mail: <a class=\"hlink_3\" href=\"mailto:info@ancos-verlag.de\">info(at)ancos-<wbr \/>verlag.de<\/a><\/span><\/p>\n<p class=\"Wp-Body-P\"><span class=\"Body-C-C4\">Gesch\u00e4ftsf\u00fchrung: <\/span>Christina Vettor<\/p>\n<p class=\"Wp-Body-P\"><span class=\"Body-C-C3\">HRB 18902 Amtsgericht Osnabr\u00fcck<br \/>\nST-Nr. 6720119455 \/ ID-Nr. DE204942896<br \/>\n<\/span><\/p>\n<p class=\"Wp-Body-P\"><span class=\"Body-C-C4\">Haftungshinweis: <\/span><span class=\"Body-C-C3\">Trotz sorgf\u00e4ltiger inhaltlicher Kontrolle \u00fcbernehmen wir keine Haftung f\u00fcr die Inhalte externer Links. F\u00fcr den Inhalt der verlinkten Seiten sind ausschlie\u00dflich deren Betreiber verantwortlich.<\/span><\/p>\n<p>Unsere Datenschutzerkl\u00e4rung finden Sie <a href=\"https:\/\/stadt-land-klick.de\/?page_id=787\">hier<\/a>.<\/p>\n<p class=\"Wp-Body-P\"><strong><span class=\"Body-C-C5\">Bildnachweis:<br \/>\n<\/span><\/strong><span class=\"Body-C-C2\">anCos<\/span><span class=\"Body-C-C3\">\u00a0Verlag GmbH,\u00a0<a class=\"hlink_4\" href=\"http:\/\/www.ccvision.de\/\" target=\"_blank\" rel=\"noopener\">ccvision.de<br \/>\n<\/a>digitale-<wbr \/>medien.png \u00a9 J\u00fcrgen Priewe &#8211;<wbr \/>\u00a0<a class=\"hlink_4\" href=\"http:\/\/www.fotolia.com\/\" target=\"_blank\" rel=\"noopener\">Fotolia.com<\/a><\/span><\/p>\n<p>Soweit nicht anders angegeben, wurden Fotos, Logos und Grafiken aus dem Bildarchiv der jeweiligen Kommune zur Verf\u00fcgung gestellt.<\/p>\n","protected":false},"excerpt":{"rendered":"<p>anCos Verlag GmbH Lange Stra\u00dfe 14 49565 Bramsche Fon: +49 (0) 54 61 . 8 82 66 &#8211; 0 Fax: +49 (0) 54 61 . 8 82 66 &#8211; 11 E-Mail: info(at)ancos-verlag.de Gesch\u00e4ftsf\u00fchrung: Christina Vettor HRB 18902 Amtsgericht Osnabr\u00fcck ST-Nr. 6720119455 \/ ID-Nr. DE204942896 Haftungshinweis: Trotz sorgf\u00e4ltiger inhaltlicher Kontrolle \u00fcbernehmen wir keine Haftung f\u00fcr die [&hellip;]<\/p>\n","protected":false},"author":1,"featured_media":0,"parent":0,"menu_order":0,"comment_status":"closed","ping_status":"closed","template":"","meta":[],"yoast_head":"<!-- This site is optimized with the Yoast SEO plugin v20.8 - https:\/\/yoast.com\/wordpress\/plugins\/seo\/ -->\n<title>Impressum - Stadt-Land-Klick<\/title>\n<meta name=\"description\" content=\"Ihre Plattform f\u00fcr kommunale Publikationen. Auf stadt-land-klick.de finden Sie kommunale Publikationen mit verschiedensten Schwerpunkten.\" \/>\n<meta name=\"robots\" content=\"index, follow, max-snippet:-1, max-image-preview:large, max-video-preview:-1\" \/>\n<link rel=\"canonical\" href=\"https:\/\/stadt-land-klick.de\/?page_id=15\" \/>\n<meta property=\"og:locale\" content=\"de_DE\" \/>\n<meta property=\"og:type\" content=\"article\" \/>\n<meta property=\"og:title\" content=\"Impressum - Stadt-Land-Klick\" \/>\n<meta property=\"og:description\" content=\"Ihre Plattform f\u00fcr kommunale Publikationen. Auf stadt-land-klick.de finden Sie kommunale Publikationen mit verschiedensten Schwerpunkten.\" \/>\n<meta property=\"og:url\" content=\"https:\/\/stadt-land-klick.de\/?page_id=15\" \/>\n<meta property=\"og:site_name\" content=\"Stadt-Land-Klick\" \/>\n<meta property=\"article:modified_time\" content=\"2025-01-17T07:42:23+00:00\" \/>\n<meta name=\"twitter:card\" content=\"summary_large_image\" \/>\n<meta name=\"twitter:label1\" content=\"Gesch\u00e4tzte Lesezeit\" \/>\n\t<meta name=\"twitter:data1\" content=\"1\u00a0Minute\" \/>\n<script type=\"application\/ld+json\" class=\"yoast-schema-graph\">{\"@context\":\"https:\/\/schema.org\",\"@graph\":[{\"@type\":\"WebPage\",\"@id\":\"https:\/\/stadt-land-klick.de\/?page_id=15\",\"url\":\"https:\/\/stadt-land-klick.de\/?page_id=15\",\"name\":\"Impressum - Stadt-Land-Klick\",\"isPartOf\":{\"@id\":\"https:\/\/stadt-land-klick.de\/#website\"},\"datePublished\":\"2016-11-04T14:06:23+00:00\",\"dateModified\":\"2025-01-17T07:42:23+00:00\",\"description\":\"Ihre Plattform f\u00fcr kommunale Publikationen. Auf stadt-land-klick.de finden Sie kommunale Publikationen mit verschiedensten Schwerpunkten.\",\"breadcrumb\":{\"@id\":\"https:\/\/stadt-land-klick.de\/?page_id=15#breadcrumb\"},\"inLanguage\":\"de\",\"potentialAction\":[{\"@type\":\"ReadAction\",\"target\":[\"https:\/\/stadt-land-klick.de\/?page_id=15\"]}]},{\"@type\":\"BreadcrumbList\",\"@id\":\"https:\/\/stadt-land-klick.de\/?page_id=15#breadcrumb\",\"itemListElement\":[{\"@type\":\"ListItem\",\"position\":1,\"name\":\"Startseite\",\"item\":\"https:\/\/stadt-land-klick.de\/\"},{\"@type\":\"ListItem\",\"position\":2,\"name\":\"Impressum\"}]},{\"@type\":\"WebSite\",\"@id\":\"https:\/\/stadt-land-klick.de\/#website\",\"url\":\"https:\/\/stadt-land-klick.de\/\",\"name\":\"Stadt-Land-Klick\",\"description\":\"Ihre Plattform f\u00fcr kommunale Publikationen.\",\"publisher\":{\"@id\":\"https:\/\/stadt-land-klick.de\/#organization\"},\"potentialAction\":[{\"@type\":\"SearchAction\",\"target\":{\"@type\":\"EntryPoint\",\"urlTemplate\":\"https:\/\/stadt-land-klick.de\/?s={search_term_string}\"},\"query-input\":\"required name=search_term_string\"}],\"inLanguage\":\"de\"},{\"@type\":\"Organization\",\"@id\":\"https:\/\/stadt-land-klick.de\/#organization\",\"name\":\"Ancos Verlag GmbH\",\"url\":\"https:\/\/stadt-land-klick.de\/\",\"logo\":{\"@type\":\"ImageObject\",\"inLanguage\":\"de\",\"@id\":\"https:\/\/stadt-land-klick.de\/#\/schema\/logo\/image\/\",\"url\":\"https:\/\/stadt-land-klick.de\/wp-content\/uploads\/2017\/01\/logo.png\",\"contentUrl\":\"https:\/\/stadt-land-klick.de\/wp-content\/uploads\/2017\/01\/logo.png\",\"width\":640,\"height\":247,\"caption\":\"Ancos Verlag GmbH\"},\"image\":{\"@id\":\"https:\/\/stadt-land-klick.de\/#\/schema\/logo\/image\/\"}}]}<\/script>\n<!-- \/ Yoast SEO plugin. -->","yoast_head_json":{"title":"Impressum - Stadt-Land-Klick","description":"Ihre Plattform f\u00fcr kommunale Publikationen. Auf stadt-land-klick.de finden Sie kommunale Publikationen mit verschiedensten Schwerpunkten.","robots":{"index":"index","follow":"follow","max-snippet":"max-snippet:-1","max-image-preview":"max-image-preview:large","max-video-preview":"max-video-preview:-1"},"canonical":"https:\/\/stadt-land-klick.de\/?page_id=15","og_locale":"de_DE","og_type":"article","og_title":"Impressum - Stadt-Land-Klick","og_description":"Ihre Plattform f\u00fcr kommunale Publikationen. Auf stadt-land-klick.de finden Sie kommunale Publikationen mit verschiedensten Schwerpunkten.","og_url":"https:\/\/stadt-land-klick.de\/?page_id=15","og_site_name":"Stadt-Land-Klick","article_modified_time":"2025-01-17T07:42:23+00:00","twitter_card":"summary_large_image","twitter_misc":{"Gesch\u00e4tzte Lesezeit":"1\u00a0Minute"},"schema":{"@context":"https:\/\/schema.org","@graph":[{"@type":"WebPage","@id":"https:\/\/stadt-land-klick.de\/?page_id=15","url":"https:\/\/stadt-land-klick.de\/?page_id=15","name":"Impressum - Stadt-Land-Klick","isPartOf":{"@id":"https:\/\/stadt-land-klick.de\/#website"},"datePublished":"2016-11-04T14:06:23+00:00","dateModified":"2025-01-17T07:42:23+00:00","description":"Ihre Plattform f\u00fcr kommunale Publikationen. Auf stadt-land-klick.de finden Sie kommunale Publikationen mit verschiedensten Schwerpunkten.","breadcrumb":{"@id":"https:\/\/stadt-land-klick.de\/?page_id=15#breadcrumb"},"inLanguage":"de","potentialAction":[{"@type":"ReadAction","target":["https:\/\/stadt-land-klick.de\/?page_id=15"]}]},{"@type":"BreadcrumbList","@id":"https:\/\/stadt-land-klick.de\/?page_id=15#breadcrumb","itemListElement":[{"@type":"ListItem","position":1,"name":"Startseite","item":"https:\/\/stadt-land-klick.de\/"},{"@type":"ListItem","position":2,"name":"Impressum"}]},{"@type":"WebSite","@id":"https:\/\/stadt-land-klick.de\/#website","url":"https:\/\/stadt-land-klick.de\/","name":"Stadt-Land-Klick","description":"Ihre Plattform f\u00fcr kommunale Publikationen.","publisher":{"@id":"https:\/\/stadt-land-klick.de\/#organization"},"potentialAction":[{"@type":"SearchAction","target":{"@type":"EntryPoint","urlTemplate":"https:\/\/stadt-land-klick.de\/?s={search_term_string}"},"query-input":"required name=search_term_string"}],"inLanguage":"de"},{"@type":"Organization","@id":"https:\/\/stadt-land-klick.de\/#organization","name":"Ancos Verlag GmbH","url":"https:\/\/stadt-land-klick.de\/","logo":{"@type":"ImageObject","inLanguage":"de","@id":"https:\/\/stadt-land-klick.de\/#\/schema\/logo\/image\/","url":"https:\/\/stadt-land-klick.de\/wp-content\/uploads\/2017\/01\/logo.png","contentUrl":"https:\/\/stadt-land-klick.de\/wp-content\/uploads\/2017\/01\/logo.png","width":640,"height":247,"caption":"Ancos Verlag GmbH"},"image":{"@id":"https:\/\/stadt-land-klick.de\/#\/schema\/logo\/image\/"}}]}},"_links":{"self":[{"href":"https:\/\/stadt-land-klick.de\/index.php?rest_route=\/wp\/v2\/pages\/15"}],"collection":[{"href":"https:\/\/stadt-land-klick.de\/index.php?rest_route=\/wp\/v2\/pages"}],"about":[{"href":"https:\/\/stadt-land-klick.de\/index.php?rest_route=\/wp\/v2\/types\/page"}],"author":[{"embeddable":true,"href":"https:\/\/stadt-land-klick.de\/index.php?rest_route=\/wp\/v2\/users\/1"}],"replies":[{"embeddable":true,"href":"https:\/\/stadt-land-klick.de\/index.php?rest_route=%2Fwp%2Fv2%2Fcomments&post=15"}],"version-history":[{"count":12,"href":"https:\/\/stadt-land-klick.de\/index.php?rest_route=\/wp\/v2\/pages\/15\/revisions"}],"predecessor-version":[{"id":1289,"href":"https:\/\/stadt-land-klick.de\/index.php?rest_route=\/wp\/v2\/pages\/15\/revisions\/1289"}],"wp:attachment":[{"href":"https:\/\/stadt-land-klick.de\/index.php?rest_route=%2Fwp%2Fv2%2Fmedia&parent=15"}],"curies":[{"name":"wp","href":"https:\/\/api.w.org\/{rel}","templated":true}]}}